{"id":261,"date":"2025-05-16T13:13:03","date_gmt":"2025-05-16T11:13:03","guid":{"rendered":"http:\/\/localhost:10148\/?post_type=product&#038;p=261"},"modified":"2025-05-16T13:21:54","modified_gmt":"2025-05-16T11:21:54","slug":"ruedenauer-meinhard-suiten-canzonen-und-delikatessen","status":"publish","type":"product","link":"https:\/\/european-cultural-services.org\/de\/product\/ruedenauer-meinhard-suiten-canzonen-und-delikatessen\/","title":{"rendered":"R\u00dcDENAUER, Meinhard: &#8222;Suiten, Canzonen und Delikatessen&#8220;"},"content":{"rendered":"<p>Internationale Ensembles musizieren ausgew\u00e4hlte Werke des zeitgen\u00f6ssischen \u00f6sterreichischen Komponisten Meinhard R\u00fcdenauer.<\/p>\n<p>&nbsp;<\/p>\n<p>Suiten, Canzonen und Delikatessen<\/p>\n<p>&#8222;\u00dcber allem Liebe&#8220;<br \/>\nSinfonietta<br \/>\nCanzone di archi<br \/>\nMoskauer Konzert<br \/>\nDie Clowns<br \/>\nSimple Interludes<br \/>\nBanalities<\/p>\n","protected":false},"excerpt":{"rendered":"<p>Internationale Ensembles musizieren ausgew\u00e4hlte Werke des zeitgen\u00f6ssischen \u00f6sterreichischen Komponisten Meinhard R\u00fcdenauer. &nbsp; Suiten, Canzonen und Delikatessen &#8222;\u00dcber allem Liebe&#8220; Sinfonietta Canzone di archi Moskauer Konzert Die Clowns Simple Interludes Banalities<\/p>\n","protected":false},"featured_media":262,"template":"","meta":[],"product_brand":[],"product_cat":[21,22],"product_tag":[],"class_list":{"0":"post-261","1":"product","2":"type-product","3":"status-publish","4":"has-post-thumbnail","6":"product_cat-cds","7":"product_cat-deutsch","9":"first","10":"instock","11":"shipping-taxable","12":"purchasable","13":"product-type-simple"},"_links":{"self":[{"href":"https:\/\/european-cultural-services.org\/de\/wp-json\/wp\/v2\/product\/261","targetHints":{"allow":["GET"]}}],"collection":[{"href":"https:\/\/european-cultural-services.org\/de\/wp-json\/wp\/v2\/product"}],"about":[{"href":"https:\/\/european-cultural-services.org\/de\/wp-json\/wp\/v2\/types\/product"}],"wp:featuredmedia":[{"embeddable":true,"href":"https:\/\/european-cultural-services.org\/de\/wp-json\/wp\/v2\/media\/262"}],"wp:attachment":[{"href":"https:\/\/european-cultural-services.org\/de\/wp-json\/wp\/v2\/media?parent=261"}],"wp:term":[{"taxonomy":"product_brand","embeddable":true,"href":"https:\/\/european-cultural-services.org\/de\/wp-json\/wp\/v2\/product_brand?post=261"},{"taxonomy":"product_cat","embeddable":true,"href":"https:\/\/european-cultural-services.org\/de\/wp-json\/wp\/v2\/product_cat?post=261"},{"taxonomy":"product_tag","embeddable":true,"href":"https:\/\/european-cultural-services.org\/de\/wp-json\/wp\/v2\/product_tag?post=261"}],"curies":[{"name":"wp","href":"https:\/\/api.w.org\/{rel}","templated":true}]}}