{"id":339,"date":"2025-05-21T09:20:08","date_gmt":"2025-05-21T07:20:08","guid":{"rendered":"http:\/\/localhost:10148\/?post_type=product&#038;p=339"},"modified":"2025-05-21T09:24:32","modified_gmt":"2025-05-21T07:24:32","slug":"broschuere-geschichte-der-europaeischen-union-cd-europaeische-union-27-nationen-27-hymnen","status":"publish","type":"product","link":"https:\/\/european-cultural-services.org\/de\/product\/broschuere-geschichte-der-europaeischen-union-cd-europaeische-union-27-nationen-27-hymnen\/","title":{"rendered":"EU1 &#8211; Brosch\u00fcre: Geschichte der Europ\u00e4ischen Union + CD: Europ\u00e4ische Union, 27 Nationen &#8211; 27 Hymnen"},"content":{"rendered":"<p>BROSCH\u00dcRE:<\/p>\n<p>Die Brosch\u00fcre bietet einen \u00dcberblick \u00fcber die Entwicklung der Europ\u00e4ischen Union von den ersten Ans\u00e4tzen einer gemeinsamen europ\u00e4ischen Politik nach Beendigung des 2. Weltkrieges bis hin zum Vertrag von Lissabon.<br \/>\nUmfang: 44 Seiten A4<\/p>\n<p>&nbsp;<\/p>\n<p>CD<\/p>\n<p>Die 27 Nationalhymnen der EU-Staaten (einschlie\u00dflich der am 1. J\u00e4nner 2007 beigetretenen L\u00e4nder) sowie die Europahymne in instrumentalen Aufnahmen &#8211; ausgew\u00e4hlt in enger Kooperation mit den Botschaften der einzelnen EU-L\u00e4nder in Wien.<\/p>\n","protected":false},"excerpt":{"rendered":"<p>EU-Package I<\/p>\n","protected":false},"featured_media":340,"template":"","meta":[],"product_brand":[],"product_cat":[34,22],"product_tag":[],"class_list":{"0":"post-339","1":"product","2":"type-product","3":"status-publish","4":"has-post-thumbnail","6":"product_cat-eu","7":"product_cat-deutsch","9":"first","10":"instock","11":"sale","12":"shipping-taxable","13":"purchasable","14":"product-type-simple"},"_links":{"self":[{"href":"https:\/\/european-cultural-services.org\/de\/wp-json\/wp\/v2\/product\/339","targetHints":{"allow":["GET"]}}],"collection":[{"href":"https:\/\/european-cultural-services.org\/de\/wp-json\/wp\/v2\/product"}],"about":[{"href":"https:\/\/european-cultural-services.org\/de\/wp-json\/wp\/v2\/types\/product"}],"wp:featuredmedia":[{"embeddable":true,"href":"https:\/\/european-cultural-services.org\/de\/wp-json\/wp\/v2\/media\/340"}],"wp:attachment":[{"href":"https:\/\/european-cultural-services.org\/de\/wp-json\/wp\/v2\/media?parent=339"}],"wp:term":[{"taxonomy":"product_brand","embeddable":true,"href":"https:\/\/european-cultural-services.org\/de\/wp-json\/wp\/v2\/product_brand?post=339"},{"taxonomy":"product_cat","embeddable":true,"href":"https:\/\/european-cultural-services.org\/de\/wp-json\/wp\/v2\/product_cat?post=339"},{"taxonomy":"product_tag","embeddable":true,"href":"https:\/\/european-cultural-services.org\/de\/wp-json\/wp\/v2\/product_tag?post=339"}],"curies":[{"name":"wp","href":"https:\/\/api.w.org\/{rel}","templated":true}]}}