{"id":341,"date":"2025-05-21T09:21:03","date_gmt":"2025-05-21T07:21:03","guid":{"rendered":"http:\/\/localhost:10148\/?post_type=product&#038;p=341"},"modified":"2025-05-21T09:25:18","modified_gmt":"2025-05-21T07:25:18","slug":"broschuere-geschichte-der-europaeischen-union-cd-europaeische-union-27-nationen-27-hymnen-eu-hymne-noten-chor","status":"publish","type":"product","link":"https:\/\/european-cultural-services.org\/de\/product\/broschuere-geschichte-der-europaeischen-union-cd-europaeische-union-27-nationen-27-hymnen-eu-hymne-noten-chor\/","title":{"rendered":"EU2 &#8211; Brosch\u00fcre: Geschichte der Europ\u00e4ischen Union + CD: Europ\u00e4ische Union, 27 Nationen &#8211; 27 Hymnen + EU-Hymne (Noten, Chor)"},"content":{"rendered":"<p>BROSCH\u00dcRE<\/p>\n<p>Die Brosch\u00fcre bietet einen \u00dcberblick \u00fcber die Entwicklung der Europ\u00e4ischen Union von den ersten Ans\u00e4tzen einer gemeinsamen europ\u00e4ischen Politik nach Beendigung des 2. Weltkrieges bis hin zum Vertrag von Lissabon.<br \/>\nUmfang: 44 Seiten A4<\/p>\n<p>&nbsp;<\/p>\n<p>CD<\/p>\n<p>Die 27 Nationalhymnen der EU-Staaten (einschlie\u00dflich der am 1. J\u00e4nner 2007 beigetretenen L\u00e4nder) sowie die Europahymne in instrumentalen Aufnahmen &#8211; ausgew\u00e4hlt in enger Kooperation mit den Botschaften der einzelnen EU-L\u00e4nder in Wien.<\/p>\n<p>&nbsp;<\/p>\n<p>NOTEN &#8211; L. v. Beethoven: Europahymne (gemischter Chor)<\/p>\n<p>10 St\u00fcck Singpartitur<\/p>\n","protected":false},"excerpt":{"rendered":"<p>EU-Package II<br \/>\nInhalt:<br \/>\nBrosch\u00fcre &#8222;Geschichte der EU&#8220; (EUR 8,90) + CD &#8222;Europ\u00e4ische Union, 27 Nationen &#8211; 27 Hymnen&#8220;, incl. Europahymne (EUR 12,90)+ Noten, Chor (10 Stk. KOSTENFREI)<\/p>\n","protected":false},"featured_media":342,"template":"","meta":[],"product_brand":[],"product_cat":[34,22],"product_tag":[],"class_list":{"0":"post-341","1":"product","2":"type-product","3":"status-publish","4":"has-post-thumbnail","6":"product_cat-eu","7":"product_cat-deutsch","9":"first","10":"instock","11":"sale","12":"shipping-taxable","13":"purchasable","14":"product-type-simple"},"_links":{"self":[{"href":"https:\/\/european-cultural-services.org\/de\/wp-json\/wp\/v2\/product\/341","targetHints":{"allow":["GET"]}}],"collection":[{"href":"https:\/\/european-cultural-services.org\/de\/wp-json\/wp\/v2\/product"}],"about":[{"href":"https:\/\/european-cultural-services.org\/de\/wp-json\/wp\/v2\/types\/product"}],"wp:featuredmedia":[{"embeddable":true,"href":"https:\/\/european-cultural-services.org\/de\/wp-json\/wp\/v2\/media\/342"}],"wp:attachment":[{"href":"https:\/\/european-cultural-services.org\/de\/wp-json\/wp\/v2\/media?parent=341"}],"wp:term":[{"taxonomy":"product_brand","embeddable":true,"href":"https:\/\/european-cultural-services.org\/de\/wp-json\/wp\/v2\/product_brand?post=341"},{"taxonomy":"product_cat","embeddable":true,"href":"https:\/\/european-cultural-services.org\/de\/wp-json\/wp\/v2\/product_cat?post=341"},{"taxonomy":"product_tag","embeddable":true,"href":"https:\/\/european-cultural-services.org\/de\/wp-json\/wp\/v2\/product_tag?post=341"}],"curies":[{"name":"wp","href":"https:\/\/api.w.org\/{rel}","templated":true}]}}