{"id":343,"date":"2025-05-21T09:26:47","date_gmt":"2025-05-21T07:26:47","guid":{"rendered":"http:\/\/localhost:10148\/?post_type=product&#038;p=343"},"modified":"2025-05-21T10:11:42","modified_gmt":"2025-05-21T08:11:42","slug":"geschichte-der-europaeischen-union","status":"publish","type":"product","link":"https:\/\/european-cultural-services.org\/de\/product\/geschichte-der-europaeischen-union\/","title":{"rendered":"Geschichte der Europ\u00e4ischen Union"},"content":{"rendered":"<p>Die Brosch\u00fcre bietet einen \u00dcberblick \u00fcber die Entwicklung der Europ\u00e4ischen Union von den ersten Ans\u00e4tzen einer gemeinsamen europ\u00e4ischen Politik nach Beendigung des 2. Weltkrieges bis hin zum Vertrag von Lissabon<\/p>\n<p>&nbsp;<\/p>\n<p>Umfang: 44 Seiten A4<\/p>\n<p>&nbsp;<\/p>\n<p>ab 10 St\u00fcck\u00a0\u00a0\u00a0 EUR 8,50<br \/>\nab 25 St\u00fcck\u00a0\u00a0\u00a0 EUR 7,90<br \/>\nab 50 St\u00fcck\u00a0\u00a0\u00a0 EUR 7,50<br \/>\nab 100 St\u00fcck\u00a0 EUR 6,90<\/p>\n","protected":false},"excerpt":{"rendered":"<p>Die Brosch\u00fcre bietet einen \u00dcberblick \u00fcber die Entwicklung der Europ\u00e4ischen Union von den ersten Ans\u00e4tzen einer gemeinsamen europ\u00e4ischen Politik nach Beendigung des 2. Weltkrieges bis hin zum Vertrag von Lissabon &nbsp; Umfang: 44 Seiten A4 &nbsp; ab 10 St\u00fcck\u00a0\u00a0\u00a0 EUR 8,50 ab 25 St\u00fcck\u00a0\u00a0\u00a0 EUR 7,90 ab 50 St\u00fcck\u00a0\u00a0\u00a0 EUR 7,50 ab 100 St\u00fcck\u00a0 EUR [&hellip;]<\/p>\n","protected":false},"featured_media":344,"template":"","meta":[],"product_brand":[],"product_cat":[34,22],"product_tag":[],"class_list":{"0":"post-343","1":"product","2":"type-product","3":"status-publish","4":"has-post-thumbnail","6":"product_cat-eu","7":"product_cat-deutsch","9":"first","10":"instock","11":"shipping-taxable","12":"purchasable","13":"product-type-simple"},"_links":{"self":[{"href":"https:\/\/european-cultural-services.org\/de\/wp-json\/wp\/v2\/product\/343","targetHints":{"allow":["GET"]}}],"collection":[{"href":"https:\/\/european-cultural-services.org\/de\/wp-json\/wp\/v2\/product"}],"about":[{"href":"https:\/\/european-cultural-services.org\/de\/wp-json\/wp\/v2\/types\/product"}],"wp:featuredmedia":[{"embeddable":true,"href":"https:\/\/european-cultural-services.org\/de\/wp-json\/wp\/v2\/media\/344"}],"wp:attachment":[{"href":"https:\/\/european-cultural-services.org\/de\/wp-json\/wp\/v2\/media?parent=343"}],"wp:term":[{"taxonomy":"product_brand","embeddable":true,"href":"https:\/\/european-cultural-services.org\/de\/wp-json\/wp\/v2\/product_brand?post=343"},{"taxonomy":"product_cat","embeddable":true,"href":"https:\/\/european-cultural-services.org\/de\/wp-json\/wp\/v2\/product_cat?post=343"},{"taxonomy":"product_tag","embeddable":true,"href":"https:\/\/european-cultural-services.org\/de\/wp-json\/wp\/v2\/product_tag?post=343"}],"curies":[{"name":"wp","href":"https:\/\/api.w.org\/{rel}","templated":true}]}}