{"id":539,"date":"2025-05-23T09:34:07","date_gmt":"2025-05-23T07:34:07","guid":{"rendered":"http:\/\/localhost:10148\/?post_type=product&#038;p=539"},"modified":"2025-06-11T10:13:48","modified_gmt":"2025-06-11T08:13:48","slug":"ruedenauer-meinhard-herztoene","status":"publish","type":"product","link":"https:\/\/european-cultural-services.org\/de\/product\/ruedenauer-meinhard-herztoene\/","title":{"rendered":"R\u00dcDENAUER, Meinhard, &#8222;Herzt\u00f6ne&#8220;"},"content":{"rendered":"<p>NEUN LEICHTE ST\u00dcCKE F\u00dcR KLAVIER<\/p>\n<p>Schwierigkeitsgrad: leicht<\/p>\n<p>Zueignung<br \/>\nDaisy Walzer<br \/>\nThe bliss of tranquility<br \/>\nGiocoso<br \/>\nRussian mood<br \/>\nA carol<br \/>\nIntimissimo<br \/>\nLucky winner<br \/>\nBerceuse<\/p>\n","protected":false},"excerpt":{"rendered":"<p>Neun leichte St\u00fccke f\u00fcr Klavier<\/p>\n","protected":false},"featured_media":540,"template":"","meta":[],"product_brand":[],"product_cat":[35,43,44,22],"product_tag":[],"class_list":{"0":"post-539","1":"product","2":"type-product","3":"status-publish","4":"has-post-thumbnail","6":"product_cat-noten","7":"product_cat-solo","8":"product_cat-instrumental","9":"product_cat-deutsch","11":"first","12":"instock","13":"shipping-taxable","14":"purchasable","15":"product-type-simple"},"_links":{"self":[{"href":"https:\/\/european-cultural-services.org\/de\/wp-json\/wp\/v2\/product\/539","targetHints":{"allow":["GET"]}}],"collection":[{"href":"https:\/\/european-cultural-services.org\/de\/wp-json\/wp\/v2\/product"}],"about":[{"href":"https:\/\/european-cultural-services.org\/de\/wp-json\/wp\/v2\/types\/product"}],"wp:featuredmedia":[{"embeddable":true,"href":"https:\/\/european-cultural-services.org\/de\/wp-json\/wp\/v2\/media\/540"}],"wp:attachment":[{"href":"https:\/\/european-cultural-services.org\/de\/wp-json\/wp\/v2\/media?parent=539"}],"wp:term":[{"taxonomy":"product_brand","embeddable":true,"href":"https:\/\/european-cultural-services.org\/de\/wp-json\/wp\/v2\/product_brand?post=539"},{"taxonomy":"product_cat","embeddable":true,"href":"https:\/\/european-cultural-services.org\/de\/wp-json\/wp\/v2\/product_cat?post=539"},{"taxonomy":"product_tag","embeddable":true,"href":"https:\/\/european-cultural-services.org\/de\/wp-json\/wp\/v2\/product_tag?post=539"}],"curies":[{"name":"wp","href":"https:\/\/api.w.org\/{rel}","templated":true}]}}