{"id":541,"date":"2025-05-23T09:35:04","date_gmt":"2025-05-23T07:35:04","guid":{"rendered":"http:\/\/localhost:10148\/?post_type=product&#038;p=541"},"modified":"2025-06-11T10:14:18","modified_gmt":"2025-06-11T08:14:18","slug":"ruedenauer-meinhard-fiori-oscuri","status":"publish","type":"product","link":"https:\/\/european-cultural-services.org\/de\/product\/ruedenauer-meinhard-fiori-oscuri\/","title":{"rendered":"R\u00dcDENAUER, Meinhard: &#8222;Fiori Oscuri&#8220;"},"content":{"rendered":"<p>Gitarre Edition Nr. 3<\/p>\n<p>2 leichte St\u00fccke, die sich sowohl f\u00fcr den Unterricht als auch f\u00fcrs Konzert eignen.<\/p>\n<p>&nbsp;<\/p>\n","protected":false},"excerpt":{"rendered":"<p>Gitarre Edition Nr. 3<\/p>\n","protected":false},"featured_media":1288,"template":"","meta":[],"product_brand":[],"product_cat":[35,43,44,22],"product_tag":[],"class_list":{"0":"post-541","1":"product","2":"type-product","3":"status-publish","4":"has-post-thumbnail","6":"product_cat-noten","7":"product_cat-solo","8":"product_cat-instrumental","9":"product_cat-deutsch","11":"first","12":"instock","13":"shipping-taxable","14":"purchasable","15":"product-type-simple"},"_links":{"self":[{"href":"https:\/\/european-cultural-services.org\/de\/wp-json\/wp\/v2\/product\/541","targetHints":{"allow":["GET"]}}],"collection":[{"href":"https:\/\/european-cultural-services.org\/de\/wp-json\/wp\/v2\/product"}],"about":[{"href":"https:\/\/european-cultural-services.org\/de\/wp-json\/wp\/v2\/types\/product"}],"wp:featuredmedia":[{"embeddable":true,"href":"https:\/\/european-cultural-services.org\/de\/wp-json\/wp\/v2\/media\/1288"}],"wp:attachment":[{"href":"https:\/\/european-cultural-services.org\/de\/wp-json\/wp\/v2\/media?parent=541"}],"wp:term":[{"taxonomy":"product_brand","embeddable":true,"href":"https:\/\/european-cultural-services.org\/de\/wp-json\/wp\/v2\/product_brand?post=541"},{"taxonomy":"product_cat","embeddable":true,"href":"https:\/\/european-cultural-services.org\/de\/wp-json\/wp\/v2\/product_cat?post=541"},{"taxonomy":"product_tag","embeddable":true,"href":"https:\/\/european-cultural-services.org\/de\/wp-json\/wp\/v2\/product_tag?post=541"}],"curies":[{"name":"wp","href":"https:\/\/api.w.org\/{rel}","templated":true}]}}