{"id":649,"date":"2025-05-26T08:46:40","date_gmt":"2025-05-26T06:46:40","guid":{"rendered":"http:\/\/localhost:10148\/?post_type=product&#038;p=649"},"modified":"2025-06-13T11:58:54","modified_gmt":"2025-06-13T09:58:54","slug":"franck-melchior-fuerchtet-euch-nicht","status":"publish","type":"product","link":"https:\/\/european-cultural-services.org\/de\/product\/franck-melchior-fuerchtet-euch-nicht\/","title":{"rendered":"FRANCK, Melchior: &#8222;F\u00fcrchtet euch nicht&#8220;"},"content":{"rendered":"<p>Singpartitur<\/p>\n<p>Text: Luk. 2, 10-14<br \/>\nBesetzung: SATB a cappella<br \/>\nSchwierigkeitsgrad: mittel<br \/>\nDauer: 7:00<br \/>\nVerwendung im Kirchenjahr: Weihnachten<\/p>\n<p>Mindestbestellmenge: 10 St\u00fcck<\/p>\n<p>F\u00fcrchtet euch nicht! Siehe, ich verk\u00fcndige euch gro\u00dfe Freude, die allem Volk widerfahren wird; denn euch ist heut&#8216; der Heiland geboren, welcher ist Christus, der Herr, in der Stadt Davids. Und das habt zum Zeichen: ihr werdet finden das Kind in Windeln gewickelt und in einer Krippe liegen. Und alsbald war da bei dem Engel die Menge der himmlischen Heerscharen, die lobten Gott und sprachen: Ehre sei Gott in der H\u00f6he und Fried&#8216; auf Erden und den Menschen ein Wohlgefallen.<\/p>\n","protected":false},"excerpt":{"rendered":"<p>aus: &#8222;Deutsche Evangelienspr\u00fcche f\u00fcr das Kirchenjahr 1623<\/p>\n","protected":false},"featured_media":650,"template":"","meta":[],"product_brand":[],"product_cat":[35,46,47,22],"product_tag":[54],"class_list":{"0":"post-649","1":"product","2":"type-product","3":"status-publish","4":"has-post-thumbnail","6":"product_cat-noten","7":"product_cat-chor","8":"product_cat-gemischter-chor","9":"product_cat-deutsch","10":"product_tag-min10","12":"first","13":"instock","14":"shipping-taxable","15":"purchasable","16":"product-type-simple"},"_links":{"self":[{"href":"https:\/\/european-cultural-services.org\/de\/wp-json\/wp\/v2\/product\/649","targetHints":{"allow":["GET"]}}],"collection":[{"href":"https:\/\/european-cultural-services.org\/de\/wp-json\/wp\/v2\/product"}],"about":[{"href":"https:\/\/european-cultural-services.org\/de\/wp-json\/wp\/v2\/types\/product"}],"wp:featuredmedia":[{"embeddable":true,"href":"https:\/\/european-cultural-services.org\/de\/wp-json\/wp\/v2\/media\/650"}],"wp:attachment":[{"href":"https:\/\/european-cultural-services.org\/de\/wp-json\/wp\/v2\/media?parent=649"}],"wp:term":[{"taxonomy":"product_brand","embeddable":true,"href":"https:\/\/european-cultural-services.org\/de\/wp-json\/wp\/v2\/product_brand?post=649"},{"taxonomy":"product_cat","embeddable":true,"href":"https:\/\/european-cultural-services.org\/de\/wp-json\/wp\/v2\/product_cat?post=649"},{"taxonomy":"product_tag","embeddable":true,"href":"https:\/\/european-cultural-services.org\/de\/wp-json\/wp\/v2\/product_tag?post=649"}],"curies":[{"name":"wp","href":"https:\/\/api.w.org\/{rel}","templated":true}]}}