{"id":652,"date":"2025-05-26T08:50:42","date_gmt":"2025-05-26T06:50:42","guid":{"rendered":"http:\/\/localhost:10148\/?post_type=product&#038;p=652"},"modified":"2025-06-13T11:58:54","modified_gmt":"2025-06-13T09:58:54","slug":"franz-robert-er-ists-op-27-nr-2","status":"publish","type":"product","link":"https:\/\/european-cultural-services.org\/de\/product\/franz-robert-er-ists-op-27-nr-2\/","title":{"rendered":"FRANZ, Robert: &#8222;Er ist&#8217;s&#8220;, op. 27, Nr.2"},"content":{"rendered":"<p>Chorpartitur<\/p>\n<p>Text: Eduard M\u00f6rike<br \/>\nBesetzung: SATB, a cappella<br \/>\nSchwierigkeitsgrad: leicht bis mittel<br \/>\nDauer: 1:20<\/p>\n<p>Mindestbestellmenge: 10 St\u00fcck<\/p>\n<p>&nbsp;<\/p>\n<p>Fr\u00fchling l\u00e4\u00dft sein blaues Band<br \/>\nWieder flattern durch die L\u00fcfte;<br \/>\nS\u00fc\u00dfe, wohlbekannte D\u00fcfte<br \/>\nStreifen ahnungsvoll das Land.<br \/>\nVeilchen tr\u00e4umen schon,<br \/>\nWollen balde kommen.<br \/>\nHorch, von fern ein leiser Harfenton!<br \/>\nFr\u00fchling, ja du bist&#8217;s!<br \/>\nDich hab ich vernommen!<\/p>\n","protected":false},"excerpt":{"rendered":"<p>erschienen: 1860<\/p>\n","protected":false},"featured_media":0,"template":"","meta":[],"product_brand":[],"product_cat":[35,46,47,22],"product_tag":[54],"class_list":{"0":"post-652","1":"product","2":"type-product","3":"status-publish","5":"product_cat-noten","6":"product_cat-chor","7":"product_cat-gemischter-chor","8":"product_cat-deutsch","9":"product_tag-min10","11":"first","12":"instock","13":"shipping-taxable","14":"purchasable","15":"product-type-simple"},"_links":{"self":[{"href":"https:\/\/european-cultural-services.org\/de\/wp-json\/wp\/v2\/product\/652","targetHints":{"allow":["GET"]}}],"collection":[{"href":"https:\/\/european-cultural-services.org\/de\/wp-json\/wp\/v2\/product"}],"about":[{"href":"https:\/\/european-cultural-services.org\/de\/wp-json\/wp\/v2\/types\/product"}],"wp:attachment":[{"href":"https:\/\/european-cultural-services.org\/de\/wp-json\/wp\/v2\/media?parent=652"}],"wp:term":[{"taxonomy":"product_brand","embeddable":true,"href":"https:\/\/european-cultural-services.org\/de\/wp-json\/wp\/v2\/product_brand?post=652"},{"taxonomy":"product_cat","embeddable":true,"href":"https:\/\/european-cultural-services.org\/de\/wp-json\/wp\/v2\/product_cat?post=652"},{"taxonomy":"product_tag","embeddable":true,"href":"https:\/\/european-cultural-services.org\/de\/wp-json\/wp\/v2\/product_tag?post=652"}],"curies":[{"name":"wp","href":"https:\/\/api.w.org\/{rel}","templated":true}]}}