{"id":657,"date":"2025-05-26T08:57:28","date_gmt":"2025-05-26T06:57:28","guid":{"rendered":"http:\/\/localhost:10148\/?post_type=product&#038;p=657"},"modified":"2025-06-13T11:58:53","modified_gmt":"2025-06-13T09:58:53","slug":"gershwin-george-embraceable-you","status":"publish","type":"product","link":"https:\/\/european-cultural-services.org\/de\/product\/gershwin-george-embraceable-you\/","title":{"rendered":"GERSHWIN, George &#8222;Embraceable you&#8220;"},"content":{"rendered":"<p>Chorpartitur<\/p>\n<p>Text: Ira Gershwin<br \/>\nChorarrangement Heinz Prammer<br \/>\nBesetzung: SATB, a cappella<br \/>\nSchwierigkeitsgrad: mittel<br \/>\nAuff\u00fchrungsdauer: 1:20<\/p>\n<p>Mindestbestellmenge: 10 St\u00fcck<br \/>\nDer Song wurde urspr\u00fcnglich 1928 f\u00fcr eine unver\u00f6ffentlichte Operetta (&#8222;East is West&#8220;) geschrieben; 1930 wurde er schlie\u00dflich als eine zentale Nummer des Broadway Musicals &#8222;Girl Crazy&#8220;ver\u00f6ffentlicht und von Ginger Rogers in einer Choreografie von Fred Astaire zur Auff\u00fchrung gebracht.<\/p>\n","protected":false},"excerpt":{"rendered":"<p>Chorpartitur Text: Ira Gershwin Chorarrangement Heinz Prammer Besetzung: SATB, a cappella Schwierigkeitsgrad: mittel Auff\u00fchrungsdauer: 1:20 Mindestbestellmenge: 10 St\u00fcck Der Song wurde urspr\u00fcnglich 1928 f\u00fcr eine unver\u00f6ffentlichte Operetta (&#8222;East is West&#8220;) geschrieben; 1930 wurde er schlie\u00dflich als eine zentale Nummer des Broadway Musicals &#8222;Girl Crazy&#8220;ver\u00f6ffentlicht und von Ginger Rogers in einer Choreografie von Fred Astaire zur [&hellip;]<\/p>\n","protected":false},"featured_media":0,"template":"","meta":[],"product_brand":[],"product_cat":[35,46,47,22],"product_tag":[54],"class_list":{"0":"post-657","1":"product","2":"type-product","3":"status-publish","5":"product_cat-noten","6":"product_cat-chor","7":"product_cat-gemischter-chor","8":"product_cat-deutsch","9":"product_tag-min10","11":"first","12":"instock","13":"shipping-taxable","14":"purchasable","15":"product-type-simple"},"_links":{"self":[{"href":"https:\/\/european-cultural-services.org\/de\/wp-json\/wp\/v2\/product\/657","targetHints":{"allow":["GET"]}}],"collection":[{"href":"https:\/\/european-cultural-services.org\/de\/wp-json\/wp\/v2\/product"}],"about":[{"href":"https:\/\/european-cultural-services.org\/de\/wp-json\/wp\/v2\/types\/product"}],"wp:attachment":[{"href":"https:\/\/european-cultural-services.org\/de\/wp-json\/wp\/v2\/media?parent=657"}],"wp:term":[{"taxonomy":"product_brand","embeddable":true,"href":"https:\/\/european-cultural-services.org\/de\/wp-json\/wp\/v2\/product_brand?post=657"},{"taxonomy":"product_cat","embeddable":true,"href":"https:\/\/european-cultural-services.org\/de\/wp-json\/wp\/v2\/product_cat?post=657"},{"taxonomy":"product_tag","embeddable":true,"href":"https:\/\/european-cultural-services.org\/de\/wp-json\/wp\/v2\/product_tag?post=657"}],"curies":[{"name":"wp","href":"https:\/\/api.w.org\/{rel}","templated":true}]}}