{"id":659,"date":"2025-05-26T09:01:45","date_gmt":"2025-05-26T07:01:45","guid":{"rendered":"http:\/\/localhost:10148\/?post_type=product&#038;p=659"},"modified":"2025-06-13T11:58:53","modified_gmt":"2025-06-13T09:58:53","slug":"hassler-hans-leo-cantate-domino","status":"publish","type":"product","link":"https:\/\/european-cultural-services.org\/de\/product\/hassler-hans-leo-cantate-domino\/","title":{"rendered":"HASSLER, Hans Leo: &#8222;Cantate Domino&#8220;"},"content":{"rendered":"<p>Singpartitur<\/p>\n<p>Text: Psalm 96, 1-3<br \/>\nBesetzung: SATB a cappella<br \/>\nSchwierigkeitsgrad: mittel<br \/>\nDauer: 2:00<\/p>\n<p>Mindestbestellmenge: 10 St\u00fcck<br \/>\nLateinischer Text<br \/>\nCantate Domino, canticum novum: cantate Domino omnis terra.<br \/>\nCantate Domino, et benedicite nomini eius: annuntiate de die in diem salutare eius.<br \/>\nAnnuntiate inter gentes gloriam eius, in omnibus populis mirabilia eius.<br \/>\nDeutsche \u00dcbersetzung<br \/>\nSinget ein neues Lied, lobet den Herren und preiset unsern Gott alle V\u00f6lker.<br \/>\nPreiset unsern Gott! Ehre sei seinem hochheiligen Namen! An allen Enden tut kund seine Gnade, seine gro\u00dfe G\u00fcte!<br \/>\nErz\u00e4hlt und preiset seine Ehre unter den Heiden, und unter den V\u00f6lkern r\u00fchmt seine heiligen Wunder!<\/p>\n","protected":false},"excerpt":{"rendered":"<p>Motette, aus &#8222;Sacri concentus&#8220; (1601)<\/p>\n","protected":false},"featured_media":660,"template":"","meta":[],"product_brand":[],"product_cat":[35,46,47,22],"product_tag":[54],"class_list":{"0":"post-659","1":"product","2":"type-product","3":"status-publish","4":"has-post-thumbnail","6":"product_cat-noten","7":"product_cat-chor","8":"product_cat-gemischter-chor","9":"product_cat-deutsch","10":"product_tag-min10","12":"first","13":"instock","14":"shipping-taxable","15":"purchasable","16":"product-type-simple"},"_links":{"self":[{"href":"https:\/\/european-cultural-services.org\/de\/wp-json\/wp\/v2\/product\/659","targetHints":{"allow":["GET"]}}],"collection":[{"href":"https:\/\/european-cultural-services.org\/de\/wp-json\/wp\/v2\/product"}],"about":[{"href":"https:\/\/european-cultural-services.org\/de\/wp-json\/wp\/v2\/types\/product"}],"wp:featuredmedia":[{"embeddable":true,"href":"https:\/\/european-cultural-services.org\/de\/wp-json\/wp\/v2\/media\/660"}],"wp:attachment":[{"href":"https:\/\/european-cultural-services.org\/de\/wp-json\/wp\/v2\/media?parent=659"}],"wp:term":[{"taxonomy":"product_brand","embeddable":true,"href":"https:\/\/european-cultural-services.org\/de\/wp-json\/wp\/v2\/product_brand?post=659"},{"taxonomy":"product_cat","embeddable":true,"href":"https:\/\/european-cultural-services.org\/de\/wp-json\/wp\/v2\/product_cat?post=659"},{"taxonomy":"product_tag","embeddable":true,"href":"https:\/\/european-cultural-services.org\/de\/wp-json\/wp\/v2\/product_tag?post=659"}],"curies":[{"name":"wp","href":"https:\/\/api.w.org\/{rel}","templated":true}]}}