{"id":695,"date":"2025-05-26T09:44:19","date_gmt":"2025-05-26T07:44:19","guid":{"rendered":"http:\/\/localhost:10148\/?post_type=product&#038;p=695"},"modified":"2025-06-13T11:57:31","modified_gmt":"2025-06-13T09:57:31","slug":"jaspers-carl-bernhard-christus-ist-auferstanden-op-10","status":"publish","type":"product","link":"https:\/\/european-cultural-services.org\/de\/product\/jaspers-carl-bernhard-christus-ist-auferstanden-op-10\/","title":{"rendered":"JASPERS, Carl Bernhard: &#8222;Christus ist auferstanden&#8220;, op. 10"},"content":{"rendered":"<p>Partitur<\/p>\n<p>Besetzung: SATB, Orgel<br \/>\nSchwierigkeitsgrad: leicht bis mittel<br \/>\nDauer: 2:30<\/p>\n<p>Mindestbestellmenge: 10 St\u00fcck<\/p>\n<p>&nbsp;<\/p>\n<p>geboren am 26. Juli 1835 in Rees (\u00e4lteste Stadt am Niederrhein im Bundesland Nordrhein-Westfalen).<br \/>\nSein Vater war Organist und Chordirektor &#8211; so wurde er schon in seiner fr\u00fchen Kindheit an die Kirchenmusik herangef\u00fchrt. Nach dem Besuch des bisch\u00f6flichen Knabenseminars wurde er mit 23 Jahren zum Priester geweiht. Seine erste Kaplanstelle trat er in Sonsbeck an, dann wechselte er als Domvikar nach M\u00fcnster und war Direktor des Knabensing-Instituts Gregorianum. Durch eine Kehlkopferkrankung fiel ihm diese Aufgabe immer schwerer, so dass er als Kaplan erst nach Kevelaer kam, im Jahr 1869 folgt die Kaplanstelle in Straelen. Hier gr\u00fcndete er einen Knaben- und M\u00e4nnerchor und begeisterte die S\u00e4nger f\u00fcr liturgische Musik. F\u00fcr damalige Verh\u00e4ltnisse m\u00fcssen seine musikalischen Auff\u00fchrungen einzigartig gewesen sein. Seine erste Messe komponierte er f\u00fcr den Straelener Chor. Als sich das Kehlkopfleiden verschlimmerte, st\u00fcrzte er sich aufs Komponieren, seine zweiteMesse wurde bereits vom C\u00e4cilienverein ver\u00f6ffentlicht. Jetzt mehrten sich die Anfragen nach Kompositionen. In einschl\u00e4gigen Zeitschriften wie Musica sacra oder das Gregoriusblatt (ab 1876) wurden seine neuesten Kompositionen empfohlen, \u201ewegen ihrer leichten Ausf\u00fchrbarkeit und gef\u00e4lligen Art gern gesungen\u201d. In bekannten Musikverlagen sind seine Werke erschienen, ein komplettes Werkverzeichnis gibt es allerdings nicht. Jaspers Kompositionen sind gepr\u00e4gt vom C\u00e4cilianismus, der kirchenmusikalischen Reformbewegung des 19. Jahrhunderts<\/p>\n","protected":false},"excerpt":{"rendered":"<p>1835-1882<\/p>\n","protected":false},"featured_media":0,"template":"","meta":[],"product_brand":[],"product_cat":[35,46,47,22],"product_tag":[54],"class_list":{"0":"post-695","1":"product","2":"type-product","3":"status-publish","5":"product_cat-noten","6":"product_cat-chor","7":"product_cat-gemischter-chor","8":"product_cat-deutsch","9":"product_tag-min10","11":"first","12":"instock","13":"shipping-taxable","14":"purchasable","15":"product-type-simple"},"_links":{"self":[{"href":"https:\/\/european-cultural-services.org\/de\/wp-json\/wp\/v2\/product\/695","targetHints":{"allow":["GET"]}}],"collection":[{"href":"https:\/\/european-cultural-services.org\/de\/wp-json\/wp\/v2\/product"}],"about":[{"href":"https:\/\/european-cultural-services.org\/de\/wp-json\/wp\/v2\/types\/product"}],"wp:attachment":[{"href":"https:\/\/european-cultural-services.org\/de\/wp-json\/wp\/v2\/media?parent=695"}],"wp:term":[{"taxonomy":"product_brand","embeddable":true,"href":"https:\/\/european-cultural-services.org\/de\/wp-json\/wp\/v2\/product_brand?post=695"},{"taxonomy":"product_cat","embeddable":true,"href":"https:\/\/european-cultural-services.org\/de\/wp-json\/wp\/v2\/product_cat?post=695"},{"taxonomy":"product_tag","embeddable":true,"href":"https:\/\/european-cultural-services.org\/de\/wp-json\/wp\/v2\/product_tag?post=695"}],"curies":[{"name":"wp","href":"https:\/\/api.w.org\/{rel}","templated":true}]}}