{"id":705,"date":"2025-05-26T09:54:54","date_gmt":"2025-05-26T07:54:54","guid":{"rendered":"http:\/\/localhost:10148\/?post_type=product&#038;p=705"},"modified":"2025-06-13T11:57:31","modified_gmt":"2025-06-13T09:57:31","slug":"lasso-orlando-di-bonjour-et-puis-quelles-nouvelles","status":"publish","type":"product","link":"https:\/\/european-cultural-services.org\/de\/product\/lasso-orlando-di-bonjour-et-puis-quelles-nouvelles\/","title":{"rendered":"LASSO, Orlando di: &#8222;Bonjour, et puis, quelles nouvelles?&#8220;"},"content":{"rendered":"<p>Chorpartitur<\/p>\n<p>Sprache: Franz\u00f6sisch<br \/>\nText: Cl\u00e9ment Marot (1497-1544)<br \/>\nBesetzung: SATTB a cappella<br \/>\nSchwierigkeitsgrad: mittel<br \/>\nDauer: 5:00<\/p>\n<p>Mindestbestellmenge: 10 St\u00fcck<\/p>\n","protected":false},"excerpt":{"rendered":"<p>Chorpartitur Sprache: Franz\u00f6sisch Text: Cl\u00e9ment Marot (1497-1544) Besetzung: SATTB a cappella Schwierigkeitsgrad: mittel Dauer: 5:00 Mindestbestellmenge: 10 St\u00fcck<\/p>\n","protected":false},"featured_media":0,"template":"","meta":[],"product_brand":[],"product_cat":[35,46,47,22],"product_tag":[54],"class_list":{"0":"post-705","1":"product","2":"type-product","3":"status-publish","5":"product_cat-noten","6":"product_cat-chor","7":"product_cat-gemischter-chor","8":"product_cat-deutsch","9":"product_tag-min10","11":"first","12":"instock","13":"shipping-taxable","14":"purchasable","15":"product-type-simple"},"_links":{"self":[{"href":"https:\/\/european-cultural-services.org\/de\/wp-json\/wp\/v2\/product\/705","targetHints":{"allow":["GET"]}}],"collection":[{"href":"https:\/\/european-cultural-services.org\/de\/wp-json\/wp\/v2\/product"}],"about":[{"href":"https:\/\/european-cultural-services.org\/de\/wp-json\/wp\/v2\/types\/product"}],"wp:attachment":[{"href":"https:\/\/european-cultural-services.org\/de\/wp-json\/wp\/v2\/media?parent=705"}],"wp:term":[{"taxonomy":"product_brand","embeddable":true,"href":"https:\/\/european-cultural-services.org\/de\/wp-json\/wp\/v2\/product_brand?post=705"},{"taxonomy":"product_cat","embeddable":true,"href":"https:\/\/european-cultural-services.org\/de\/wp-json\/wp\/v2\/product_cat?post=705"},{"taxonomy":"product_tag","embeddable":true,"href":"https:\/\/european-cultural-services.org\/de\/wp-json\/wp\/v2\/product_tag?post=705"}],"curies":[{"name":"wp","href":"https:\/\/api.w.org\/{rel}","templated":true}]}}